{"id":1181,"date":"2024-03-24T17:02:29","date_gmt":"2024-03-24T17:02:29","guid":{"rendered":"https:\/\/yachtvisitcancun.com\/?post_type=product&#038;p=1181"},"modified":"2024-09-04T20:07:41","modified_gmt":"2024-09-04T20:07:41","slug":"nicte-26","status":"publish","type":"product","link":"https:\/\/yachtvisitcancun.com\/es\/producto\/nicte-26\/","title":{"rendered":"#13.-Maco 26 Hasta 5 personas \/ Precio por barco"},"content":{"rendered":"<p>Con la Nicte 26, cada d\u00eda de pesca en Canc\u00fan se convierte en una aventura. Compacta, \u00e1gil y lista para la acci\u00f3n.<\/p>\n<p>Precio por 4 horas: $395 USD<\/p>\n<p>Precio por 6 horas: $495 USD<\/p>\n<p>Precio por 8 horas: $650 USD<\/p>\n<p>Tarifa de muelle: 14 USD por pasajero<\/p>\n<p>Licencia de pesca: 10 USD por pasajero<\/p>","protected":false},"excerpt":{"rendered":"<p>Precio por 4 horas: $395 USD<\/p>\n<p>Precio por 6 horas: $495 USD<\/p>\n<p>Precio por 8 horas: $650 USD<\/p>","protected":false},"featured_media":2605,"comment_status":"closed","ping_status":"closed","template":"","meta":[],"product_brand":[],"product_cat":[29],"product_tag":[],"class_list":{"0":"post-1181","1":"product","2":"type-product","3":"status-publish","4":"has-post-thumbnail","6":"product_cat-pesca","8":"first","9":"instock","10":"shipping-taxable","11":"product-type-simple"},"_links":{"self":[{"href":"https:\/\/yachtvisitcancun.com\/es\/wp-json\/wp\/v2\/product\/1181","targetHints":{"allow":["GET"]}}],"collection":[{"href":"https:\/\/yachtvisitcancun.com\/es\/wp-json\/wp\/v2\/product"}],"about":[{"href":"https:\/\/yachtvisitcancun.com\/es\/wp-json\/wp\/v2\/types\/product"}],"replies":[{"embeddable":true,"href":"https:\/\/yachtvisitcancun.com\/es\/wp-json\/wp\/v2\/comments?post=1181"}],"wp:featuredmedia":[{"embeddable":true,"href":"https:\/\/yachtvisitcancun.com\/es\/wp-json\/wp\/v2\/media\/2605"}],"wp:attachment":[{"href":"https:\/\/yachtvisitcancun.com\/es\/wp-json\/wp\/v2\/media?parent=1181"}],"wp:term":[{"taxonomy":"product_brand","embeddable":true,"href":"https:\/\/yachtvisitcancun.com\/es\/wp-json\/wp\/v2\/product_brand?post=1181"},{"taxonomy":"product_cat","embeddable":true,"href":"https:\/\/yachtvisitcancun.com\/es\/wp-json\/wp\/v2\/product_cat?post=1181"},{"taxonomy":"product_tag","embeddable":true,"href":"https:\/\/yachtvisitcancun.com\/es\/wp-json\/wp\/v2\/product_tag?post=1181"}],"curies":[{"name":"wp","href":"https:\/\/api.w.org\/{rel}","templated":true}]}}