{"id":1180,"date":"2024-03-24T16:50:22","date_gmt":"2024-03-24T16:50:22","guid":{"rendered":"https:\/\/yachtvisitcancun.com\/?post_type=product&#038;p=1180"},"modified":"2024-09-14T22:09:10","modified_gmt":"2024-09-14T22:09:10","slug":"mamacita-26","status":"publish","type":"product","link":"https:\/\/yachtvisitcancun.com\/es\/producto\/mamacita-26\/","title":{"rendered":"#1.-Maco 26 Hasta 5 personas \/ Precio por Bote"},"content":{"rendered":"<p>R\u00e1pido y eficiente, el Maco 26 te lleva directo a los bancos de peces m\u00e1s abundantes. Ideal para excursiones de un d\u00eda en Canc\u00fan.<\/p>\n<p>Precio por 4 horas: $395 USD<\/p>\n<p>Precio por 6 horas: $495 USD<\/p>\n<p>Precio por 8 horas: $650 USD<\/p>\n<p>Tarifa de atraque: 14 USD por pasajero<\/p>\n<p>Licencia de pesca: 10 USD por pasajero<\/p>","protected":false},"excerpt":{"rendered":"<p>Precio por 4 horas: $395 USD<\/p>\n<p>Precio por 6 horas: $495 USD<\/p>\n<p>Precio por 8 horas: $650 USD<\/p>","protected":false},"featured_media":2596,"comment_status":"closed","ping_status":"closed","template":"","meta":[],"product_brand":[],"product_cat":[29],"product_tag":[],"class_list":{"0":"post-1180","1":"product","2":"type-product","3":"status-publish","4":"has-post-thumbnail","6":"product_cat-pesca","8":"first","9":"instock","10":"shipping-taxable","11":"product-type-simple"},"_links":{"self":[{"href":"https:\/\/yachtvisitcancun.com\/es\/wp-json\/wp\/v2\/product\/1180","targetHints":{"allow":["GET"]}}],"collection":[{"href":"https:\/\/yachtvisitcancun.com\/es\/wp-json\/wp\/v2\/product"}],"about":[{"href":"https:\/\/yachtvisitcancun.com\/es\/wp-json\/wp\/v2\/types\/product"}],"replies":[{"embeddable":true,"href":"https:\/\/yachtvisitcancun.com\/es\/wp-json\/wp\/v2\/comments?post=1180"}],"wp:featuredmedia":[{"embeddable":true,"href":"https:\/\/yachtvisitcancun.com\/es\/wp-json\/wp\/v2\/media\/2596"}],"wp:attachment":[{"href":"https:\/\/yachtvisitcancun.com\/es\/wp-json\/wp\/v2\/media?parent=1180"}],"wp:term":[{"taxonomy":"product_brand","embeddable":true,"href":"https:\/\/yachtvisitcancun.com\/es\/wp-json\/wp\/v2\/product_brand?post=1180"},{"taxonomy":"product_cat","embeddable":true,"href":"https:\/\/yachtvisitcancun.com\/es\/wp-json\/wp\/v2\/product_cat?post=1180"},{"taxonomy":"product_tag","embeddable":true,"href":"https:\/\/yachtvisitcancun.com\/es\/wp-json\/wp\/v2\/product_tag?post=1180"}],"curies":[{"name":"wp","href":"https:\/\/api.w.org\/{rel}","templated":true}]}}