{"id":1132,"date":"2024-03-24T17:03:49","date_gmt":"2024-03-24T17:03:49","guid":{"rendered":"https:\/\/yachtvisitcancun.com\/?post_type=product&#038;p=1132"},"modified":"2024-09-14T21:58:07","modified_gmt":"2024-09-14T21:58:07","slug":"hatteras-60-2","status":"publish","type":"product","link":"https:\/\/yachtvisitcancun.com\/es\/producto\/hatteras-60-2\/","title":{"rendered":"#14.- Hatteras 60 \u2013 Hasta 15 personas \/ Precio por Barco"},"content":{"rendered":"<div class=\"elementor-element elementor-element-3b0e3ed elementor-widget elementor-widget-shortcode\" data-id=\"3b0e3ed\" data-element_type=\"widget\" data-widget_type=\"shortcode.default\">\n<div class=\"elementor-widget-container\">\n<div class=\"elementor-shortcode\">\n<div class=\"precios-por-horas\">\n<p>Informaci\u00f3n del Yate<\/p>\n<p>Capacidad: 15 pasajeros<br \/>\nIncluye:<\/p>\n<p>\u2013 Botellas de agua<br \/>\n\u2013 Refrescos<br \/>\n\u2013 Profundizadores<br \/>\n\u2013 Estabilizador<br \/>\n\u2013 Ca\u00f1as de pescar<br \/>\n\u2013 Carnada<br \/>\n\u2013 Sonda de pesca y GPS<br \/>\n\u2013 Ba\u00f1o<\/p>\n<p>Puedes conservar lo que pesques o practicar pesca y liberaci\u00f3n.<\/p>\n<p>Tarifa de muelle: 14 USD por pasajero<\/p>\n<p>Licencia de pesca: 10 USD por pasajero<\/p>\n<p>Canc\u00fan Fishing, la mejor compa\u00f1\u00eda para pescar en Canc\u00fan. Reserva y disfruta de tu pr\u00f3ximo tour de pesca.<\/p>\n<\/div>\n<\/div>\n<\/div>\n<\/div>","protected":false},"excerpt":{"rendered":"<p>Precio por 4 horas: $1,200 USD<\/p>\n<p>Precio por 6 horas: $1,950 USD<\/p>\n<p>Precio por 8 horas: $2,500 USD<\/p>","protected":false},"featured_media":2489,"comment_status":"closed","ping_status":"closed","template":"","meta":[],"product_brand":[],"product_cat":[29],"product_tag":[],"class_list":{"0":"post-1132","1":"product","2":"type-product","3":"status-publish","4":"has-post-thumbnail","6":"product_cat-pesca","8":"first","9":"instock","10":"shipping-taxable","11":"product-type-simple"},"_links":{"self":[{"href":"https:\/\/yachtvisitcancun.com\/es\/wp-json\/wp\/v2\/product\/1132","targetHints":{"allow":["GET"]}}],"collection":[{"href":"https:\/\/yachtvisitcancun.com\/es\/wp-json\/wp\/v2\/product"}],"about":[{"href":"https:\/\/yachtvisitcancun.com\/es\/wp-json\/wp\/v2\/types\/product"}],"replies":[{"embeddable":true,"href":"https:\/\/yachtvisitcancun.com\/es\/wp-json\/wp\/v2\/comments?post=1132"}],"wp:featuredmedia":[{"embeddable":true,"href":"https:\/\/yachtvisitcancun.com\/es\/wp-json\/wp\/v2\/media\/2489"}],"wp:attachment":[{"href":"https:\/\/yachtvisitcancun.com\/es\/wp-json\/wp\/v2\/media?parent=1132"}],"wp:term":[{"taxonomy":"product_brand","embeddable":true,"href":"https:\/\/yachtvisitcancun.com\/es\/wp-json\/wp\/v2\/product_brand?post=1132"},{"taxonomy":"product_cat","embeddable":true,"href":"https:\/\/yachtvisitcancun.com\/es\/wp-json\/wp\/v2\/product_cat?post=1132"},{"taxonomy":"product_tag","embeddable":true,"href":"https:\/\/yachtvisitcancun.com\/es\/wp-json\/wp\/v2\/product_tag?post=1132"}],"curies":[{"name":"wp","href":"https:\/\/api.w.org\/{rel}","templated":true}]}}